{"id":329,"date":"2020-02-25T12:16:23","date_gmt":"2020-02-25T12:16:23","guid":{"rendered":"http:\/\/bodegasperica.com\/?page_id=329"},"modified":"2022-12-28T12:54:39","modified_gmt":"2022-12-28T12:54:39","slug":"aviso-legal","status":"publish","type":"page","link":"https:\/\/bodegasperica.com\/en\/aviso-legal\/","title":{"rendered":"Legal notice"},"content":{"rendered":"\t\t<div data-elementor-type=\"wp-page\" data-elementor-id=\"329\" class=\"elementor elementor-329\" data-elementor-post-type=\"page\">\n\t\t\t\t\t\t<section class=\"elementor-section elementor-top-section elementor-element elementor-element-6385fa58 elementor-section-stretched elementor-section-full_width elementor-section-height-default elementor-section-height-default\" data-id=\"6385fa58\" data-element_type=\"section\" data-e-type=\"section\" data-settings=\"{&quot;stretch_section&quot;:&quot;section-stretched&quot;,&quot;background_background&quot;:&quot;classic&quot;,&quot;jet_parallax_layout_list&quot;:[{&quot;jet_parallax_layout_image&quot;:{&quot;url&quot;:&quot;&quot;,&quot;id&quot;:&quot;&quot;,&quot;size&quot;:&quot;&quot;},&quot;_id&quot;:&quot;6842a05&quot;,&quot;jet_parallax_layout_image_tablet&quot;:{&quot;url&quot;:&quot;&quot;,&quot;id&quot;:&quot;&quot;,&quot;size&quot;:&quot;&quot;},&quot;jet_parallax_layout_image_mobile&quot;:{&quot;url&quot;:&quot;&quot;,&quot;id&quot;:&quot;&quot;,&quot;size&quot;:&quot;&quot;},&quot;jet_parallax_layout_speed&quot;:{&quot;unit&quot;:&quot;%&quot;,&quot;size&quot;:50,&quot;sizes&quot;:[]},&quot;jet_parallax_layout_type&quot;:&quot;scroll&quot;,&quot;jet_parallax_layout_direction&quot;:null,&quot;jet_parallax_layout_fx_direction&quot;:null,&quot;jet_parallax_layout_z_index&quot;:&quot;&quot;,&quot;jet_parallax_layout_bg_x&quot;:50,&quot;jet_parallax_layout_bg_x_tablet&quot;:&quot;&quot;,&quot;jet_parallax_layout_bg_x_mobile&quot;:&quot;&quot;,&quot;jet_parallax_layout_bg_y&quot;:50,&quot;jet_parallax_layout_bg_y_tablet&quot;:&quot;&quot;,&quot;jet_parallax_layout_bg_y_mobile&quot;:&quot;&quot;,&quot;jet_parallax_layout_bg_size&quot;:&quot;auto&quot;,&quot;jet_parallax_layout_bg_size_tablet&quot;:&quot;&quot;,&quot;jet_parallax_layout_bg_size_mobile&quot;:&quot;&quot;,&quot;jet_parallax_layout_animation_prop&quot;:&quot;transform&quot;,&quot;jet_parallax_layout_on&quot;:[&quot;desktop&quot;,&quot;tablet&quot;]}]}\">\n\t\t\t\t\t\t\t<div class=\"elementor-background-overlay\"><\/div>\n\t\t\t\t\t\t\t<div class=\"elementor-container elementor-column-gap-default\">\n\t\t\t\t\t<div class=\"elementor-column elementor-col-100 elementor-top-column elementor-element elementor-element-6b78ac35\" data-id=\"6b78ac35\" data-element_type=\"column\" data-e-type=\"column\">\n\t\t\t<div class=\"elementor-widget-wrap elementor-element-populated\">\n\t\t\t\t\t\t<div class=\"elementor-element elementor-element-eea1fdc elementor-widget elementor-widget-heading\" data-id=\"eea1fdc\" data-element_type=\"widget\" data-e-type=\"widget\" data-widget_type=\"heading.default\">\n\t\t\t\t<div class=\"elementor-widget-container\">\n\t\t\t\t\t<h2 class=\"elementor-heading-title elementor-size-default\">Aviso legal<\/h2>\t\t\t\t<\/div>\n\t\t\t\t<\/div>\n\t\t\t\t\t<\/div>\n\t\t<\/div>\n\t\t\t\t\t<\/div>\n\t\t<\/section>\n\t\t\t\t<section class=\"elementor-section elementor-top-section elementor-element elementor-element-373167 elementor-section-boxed elementor-section-height-default elementor-section-height-default\" data-id=\"373167\" data-element_type=\"section\" data-e-type=\"section\" data-settings=\"{&quot;background_background&quot;:&quot;classic&quot;,&quot;jet_parallax_layout_list&quot;:[{&quot;jet_parallax_layout_image&quot;:{&quot;url&quot;:&quot;&quot;,&quot;id&quot;:&quot;&quot;,&quot;size&quot;:&quot;&quot;},&quot;_id&quot;:&quot;225d51d&quot;,&quot;jet_parallax_layout_image_tablet&quot;:{&quot;url&quot;:&quot;&quot;,&quot;id&quot;:&quot;&quot;,&quot;size&quot;:&quot;&quot;},&quot;jet_parallax_layout_image_mobile&quot;:{&quot;url&quot;:&quot;&quot;,&quot;id&quot;:&quot;&quot;,&quot;size&quot;:&quot;&quot;},&quot;jet_parallax_layout_speed&quot;:{&quot;unit&quot;:&quot;%&quot;,&quot;size&quot;:50,&quot;sizes&quot;:[]},&quot;jet_parallax_layout_type&quot;:&quot;scroll&quot;,&quot;jet_parallax_layout_direction&quot;:null,&quot;jet_parallax_layout_fx_direction&quot;:null,&quot;jet_parallax_layout_z_index&quot;:&quot;&quot;,&quot;jet_parallax_layout_bg_x&quot;:50,&quot;jet_parallax_layout_bg_x_tablet&quot;:&quot;&quot;,&quot;jet_parallax_layout_bg_x_mobile&quot;:&quot;&quot;,&quot;jet_parallax_layout_bg_y&quot;:50,&quot;jet_parallax_layout_bg_y_tablet&quot;:&quot;&quot;,&quot;jet_parallax_layout_bg_y_mobile&quot;:&quot;&quot;,&quot;jet_parallax_layout_bg_size&quot;:&quot;auto&quot;,&quot;jet_parallax_layout_bg_size_tablet&quot;:&quot;&quot;,&quot;jet_parallax_layout_bg_size_mobile&quot;:&quot;&quot;,&quot;jet_parallax_layout_animation_prop&quot;:&quot;transform&quot;,&quot;jet_parallax_layout_on&quot;:[&quot;desktop&quot;,&quot;tablet&quot;]}]}\">\n\t\t\t\t\t\t<div class=\"elementor-container elementor-column-gap-default\">\n\t\t\t\t\t<div class=\"elementor-column elementor-col-100 elementor-top-column elementor-element elementor-element-42238250\" data-id=\"42238250\" data-element_type=\"column\" data-e-type=\"column\">\n\t\t\t<div class=\"elementor-widget-wrap elementor-element-populated\">\n\t\t\t\t\t\t<div class=\"elementor-element elementor-element-53576e22 elementor-widget elementor-widget-text-editor\" data-id=\"53576e22\" data-element_type=\"widget\" data-e-type=\"widget\" data-widget_type=\"text-editor.default\">\n\t\t\t\t<div class=\"elementor-widget-container\">\n\t\t\t\t\t\t\t\t\t<p>Para dar cumplimiento a lo establecido en la Ley 34\/2002, de 11 de julio, de Servicios de la Sociedad de la Informaci\u00f3n y de Comercio Electr\u00f3nico, a continuaci\u00f3n, indicamos los datos de la informaci\u00f3n general de nuestro Sitio Web bodegasperica.com:<br><br><br><\/p>\n<p><\/p>\n<h3>\u00bfQUI\u00c9N ES EL RESPONSABLE DEL TRATAMIENTO DE SUS DATOS?<\/h3>\n<p><br><\/p>\n<p><b>DENOMINACI\u00d3N SOCIAL:<\/b> BODEGAS PERICA S.L.<br><b><br>NIF\/CIF: <\/b>B26164582<br><b><br>DOMICILIO SOCIAL:<\/b> c\/ Horno Nuevo, 18 (26340 San Asensio, La Rioja)<br><b><br>DATOS DE INSCRIPCI\u00d3N EN EL REGISTRO MERCANTIL DE LA RIOJA&nbsp;<\/b>TOMO:     251   LIBRO:  0       INSCRIPCI\u00d3N: 1\u00aa       FOLIO: 53                      HOJA: LO-602<br><b><br>TEL\u00c9FONO:<\/b> 941 457 152<br><b><br>DIRECCI\u00d3N DE CORREO ELECTR\u00d3NICO:<\/b> infoviveros@grupoperica.com<br><b><br>NOMBRE DE DOMINIO: <\/b>bodegasperica.com<br><br>Nuestra Web dispone de las medidas de seguridad de la informaci\u00f3n para evitar el acceso no autorizado a los datos personales.<\/p>\n<p><br><\/p>\n<p><br><\/p>\n<h3>CONDICIONES GENERALES Y SU ACEPTACI\u00d3N<\/h3>\n<p>Estas condiciones generales regulan el uso de los servicios que BODEGAS PERICA S.L. pone a disposici\u00f3n de los usuarios del Sitio Web bodegasperica.com (en adelante \u201cel Sitio Web\u201d)<br><br>La utilizaci\u00f3n de los servicios atribuye la condici\u00f3n de usuario y conlleva la aceptaci\u00f3n de las condiciones generales en el momento en el que el usuario acceda a los mismos.<br><br>El Sitio Web ha sido creado para publicar su oferta de productos, y para facilitar la contrataci\u00f3n de los mismos.<br><br>Si accede a este Sitio Web est\u00e1 declarando ser mayor de edad y estar facultado de la capacidad legal suficiente para vincularse a los t\u00e9rminos y condiciones que se ponen a su predisposici\u00f3n, y que lo hace bajo su \u00fanica y exclusiva responsabilidad. Si no estuviese conforme con el contenido de los presentes t\u00e9rminos, debe desamparar el Sitio Web.<br>El acceso al Sitio Web es libre y gratis para poder informarle de los productos ofertados.<br>El usuario podr\u00e1 navegar y usar la Web sin necesidad de aportar ning\u00fan dato de car\u00e1cter personal. Los \u00fanicos datos personales a los que BODEGAS PERICA S.L. tendr\u00e1 acceso ser\u00e1n aquellos que el usuario facilite voluntariamente cuando contacte con BODEGAS PERICA S.L. a trav\u00e9s de correo electr\u00f3nico o de cualquier otro modo previsto en la Web. Si se recogen datos personales a trav\u00e9s de cookies, se le informar\u00e1 debidamente a trav\u00e9s de la Pol\u00edtica de Cookies, as\u00ed como a trav\u00e9s de los cauces que requiere la legislaci\u00f3n vigente.<\/p>\n<p><br><\/p>\n<h3>OBJETO<\/h3>\n<p>Las presentes condiciones generales regulan todos los servicios ofrecidos a trav\u00e9s del Sitio Web, as\u00ed como la utilizaci\u00f3n de los mismos por parte de los usuarios.<\/p>\n<p><br><\/p>\n<p><\/p>\n<h3>DATOS DE CAR\u00c1CTER PERSONAL<\/h3>\n<p>BODEGAS PERICA S.L. cumple con las directrices del Reglamento (UE) 2016\/679 del Parlamento Europeo y del Consejo, de 27 de abril de 2016, relativo a la protecci\u00f3n de las personas f\u00edsicas en lo que respecta al tratamiento de datos personales y a la libre circulaci\u00f3n de estos datos (RGPD), velando en todo momento por garantizar un correcto uso y tratamiento de los datos personales del usuario.<\/p>\n<p><br><\/p>\n<p><\/p>\n<h3>DATOS DEL RESPONSABLE DEL TRATAMIENTO<\/h3>\n<p>BODEGAS PERICA S.L. con CIF B26164582 y domicilio en c\/ Horno Nuevo, 18 (26340 San Asensio, La Rioja) y como responsable de los registros de tratamiento correspondientes para la gesti\u00f3n de los datos recogidos. <\/p>\n<p><br><\/p>\n<p><\/p>\n<h3>DATOS DEL USUARIO<\/h3>\n<p>Por medio del presente escrito se le informa que los datos personales facilitados voluntariamente por usted ser\u00e1n incorporados a los registros de tratamiento responsabilidad de nuestra entidad y pasar\u00e1n a formar parte de nuestra base de datos.<br><br>El sitio no est\u00e1 dirigido a menores de edad, por lo que, si usted es menor de edad, no le est\u00e1 autorizada la navegaci\u00f3n y utilizaci\u00f3n del presente sitio web. No recopilamos datos personales de menores de 18 a\u00f1os. BODEGAS PERICA S.L. no asume ninguna responsabilidad en caso de que menores le faciliten datos personales incumpliendo estas obligaciones.<br><br>BODEGAS PERICA S.L. se exime de cualquier responsabilidad por el incumplimiento de este requisito.<br>El usuario del Sitio Web ser\u00e1 el \u00fanico responsable de la veracidad y exactitud de los datos aportados, actuando BODEGAS PERICA S.L. de buena fe como mero prestador de los servicios. En caso de haber facilitado datos falsos o de terceras personas sin mediar su consentimiento para ello, BODEGAS PERICA S.L. se reserva el derecho a la destrucci\u00f3n inmediata de los citados datos a fin de proteger el derecho del titular o titulares de los mismos eximi\u00e9ndose BODEGAS PERICA S.L. de cualquier responsabilidad por el incumplimiento de este requisito.<br><br>BODEGAS PERICA S.L. se compromete al cumplimiento de su obligaci\u00f3n de secreto de los datos de car\u00e1cter personal y de su deber de guardarlos y adoptar\u00e1 todas las medidas de \u00edndole t\u00e9cnica y organizativa para garantizar la seguridad de los datos de car\u00e1cter personal y evitar su alteraci\u00f3n, p\u00e9rdida, tratamiento o acceso no autorizado, habida cuenta del estado de la tecnolog\u00eda, la naturaleza de los datos almacenados y los riesgos a que est\u00e9n expuestos, todo ello de conformidad con lo establecido en la normativa.<\/p>\n<p><br><\/p>\n<h3>FUNCIONAMIENTO WEB<\/h3>\n<p>BODEGAS PERICA S.L. no puede asegurar que no se generen interrupciones o bien fallos en el acceso al Sitio Web. Sin embargo, existe el firme compromiso, tan pronto como tenga conocimiento de semejantes incidencias, de hacer todas y cada una de las actuaciones dirigidas a su restablecimiento o bien reparaci\u00f3n, salvo la concurrencia de causas extra\u00f1as a la voluntad de BODEGAS PERICA S.L. que lo imposibiliten o bien compliquen su ejecuci\u00f3n.<br>BODEGAS PERICA S.L. no va a ser responsable en ning\u00fan caso de los perjuicios o bien da\u00f1os de cualquier clase que pudiesen causar la visita a esta Web, as\u00ed sea por fallo o bien omisi\u00f3n en los contenidos o bien por la transmisi\u00f3n de alg\u00fan programa malicioso que se genere pese a haber tomado las medidas tecnol\u00f3gicas precisas para evitarlo, ni le podr\u00e1n ser exigidas responsabilidades por la interrupci\u00f3n del servicio, inadecuado funcionamiento o imposibilidad de acceso al servicio.<br><br>Cualquier usuario que inserte un contenido que contravenga la legalidad vigente asumir\u00e1 la responsabilidad exclusiva de los perjuicios y consecuencias derivadas de la misma, eximiendo a BODEGAS PERICA S.L. de cualquier responsabilidad.<\/p>\n<p><br><\/p>\n<h3>PROPIEDAD INTELECTUAL E INDUSTRIAL<\/h3>\n<p>La totalidad de los elementos y\/o contenidos puestos a su predisposici\u00f3n en el Sitio Web han sido creados por BODEGAS PERICA S.L. o bien exactamente la misma dispone de una licencia o bien autorizaci\u00f3n para su utilizaci\u00f3n.<br>Por ende, todos esos elementos y\/o contenidos (semejantes como: im\u00e1genes, audio, v\u00eddeo, software o bien textos; marcas o bien logos, combinaciones de colores, estructura y dise\u00f1o, aplicaciones precisas para su funcionamiento, acceso y empleo, etc\u00e9tera) y los derechos que se pueden ostentar sobre exactamente los mismos, son de titularidad exclusiva de BODEGAS PERICA S.L.<br><br>Independientemente de la finalidad para la que fueran destinados, la reproducci\u00f3n total o parcial, uso, explotaci\u00f3n, distribuci\u00f3n y comercializaci\u00f3n, requiere en todo caso de la autorizaci\u00f3n escrita previa por parte del titular del dominio.<br>El usuario se compromete a no realizar ning\u00fan acto en contra de los derechos de propiedad intelectual o industrial del autor.<br><br><br><\/p>\n<p><\/p><h3>USO DE ENLACES<\/h3>\n<p>BODEGAS PERICA S.L. no acepta ning\u00fan g\u00e9nero de responsabilidad, siquiera de manera indirecta o bien subsidiaria, por los contenidos, informaciones, comunicaciones, creencias o bien servicios enlazados desde esos Sitios Webs no gestionados por BODEGAS PERICA S.L. y que resulten alcanzables mediante la Web, ni garantiza la ausencia de virus o bien otros elementos en exactamente los mismos que puedan generar perturbaciones en el sistema inform\u00e1tico (hardware y software), en los documentos o bien los archivos del usuario, excluyendo cualquier responsabilidad por los da\u00f1os de cualquier tipo ocasionados al usuario por esta raz\u00f3n.<br><br><br><\/p>\n<p><\/p><h3>INCUMPLIMIENTO DE LAS CONDICIONES<\/h3>\n<p>Cualquier incumplimiento puede ser perseguido, as\u00ed como cualquier uso indebido de la Web, pudiendo BODEGAS PERICA S.L. ejercitar cuantas acciones legales le correspondan en defensa de sus leg\u00edtimos intereses. Incluso se reserva el derecho de limitar o prohibir el acceso a usuarios que la incumplan.<br><br><\/p>\n<p><\/p><h3>LEGISLACI\u00d3N APLICABLE<\/h3>\n<p>Estas condiciones legales se han redactado en base a la legislaci\u00f3n Espa\u00f1ola.<br><br><\/p>\n<h3>MODIFICACI\u00d3N DEL AVISO LEGAL<\/h3>\n<p>BODEGAS PERICA S.L. se reserva el derecho a introducir modificaciones en este Aviso Legal, por ello se aconseja a los Usuarios que lo visiten peri\u00f3dicamente.<br>Cuando se produzcan cambios significativos en este Aviso Legal, se comunicar\u00e1n a los usuarios para su aceptaci\u00f3n mediante avisos en el Portal o a trav\u00e9s de correo electr\u00f3nico o bien trav\u00e9s de cualquier otro procedimiento adecuado seg\u00fan las circunstancias.<\/p>\t\t\t\t\t\t\t\t<\/div>\n\t\t\t\t<\/div>\n\t\t\t\t\t<\/div>\n\t\t<\/div>\n\t\t\t\t\t<\/div>\n\t\t<\/section>\n\t\t\t\t<\/div>\n\t\t","protected":false},"excerpt":{"rendered":"<p>Aviso legal Para dar cumplimiento a lo establecido en la Ley 34\/2002, de 11 de julio, de Servicios de la Sociedad de la Informaci\u00f3n y de Comercio Electr\u00f3nico, a continuaci\u00f3n, indicamos los datos de la informaci\u00f3n general de nuestro Sitio Web bodegasperica.com: \u00bfQUI\u00c9N ES EL RESPONSABLE DEL TRATAMIENTO DE SUS DATOS? DENOMINACI\u00d3N SOCIAL: BODEGAS PERICA [&hellip;]<\/p>\n","protected":false},"author":2,"featured_media":0,"parent":0,"menu_order":0,"comment_status":"closed","ping_status":"closed","template":"","meta":{"site-sidebar-layout":"no-sidebar","site-content-layout":"page-builder","ast-site-content-layout":"default","site-content-style":"default","site-sidebar-style":"default","ast-global-header-display":"","ast-banner-title-visibility":"","ast-main-header-display":"","ast-hfb-above-header-display":"","ast-hfb-below-header-display":"","ast-hfb-mobile-header-display":"","site-post-title":"disabled","ast-breadcrumbs-content":"","ast-featured-img":"disabled","footer-sml-layout":"","ast-disable-related-posts":"","theme-transparent-header-meta":"default","adv-header-id-meta":"","stick-header-meta":"","header-above-stick-meta":"","header-main-stick-meta":"","header-below-stick-meta":"","astra-migrate-meta-layouts":"default","ast-page-background-enabled":"default","ast-page-background-meta":{"desktop":{"background-color":"","background-image":"","background-repeat":"repeat","background-position":"center center","background-size":"auto","background-attachment":"scroll","background-type":"","background-media":"","overlay-type":"","overlay-color":"","overlay-opacity":"","overlay-gradient":""},"tablet":{"background-color":"","background-image":"","background-repeat":"repeat","background-position":"center center","background-size":"auto","background-attachment":"scroll","background-type":"","background-media":"","overlay-type":"","overlay-color":"","overlay-opacity":"","overlay-gradient":""},"mobile":{"background-color":"","background-image":"","background-repeat":"repeat","background-position":"center center","background-size":"auto","background-attachment":"scroll","background-type":"","background-media":"","overlay-type":"","overlay-color":"","overlay-opacity":"","overlay-gradient":""}},"ast-content-background-meta":{"desktop":{"background-color":"var(--ast-global-color-5)","background-image":"","background-repeat":"repeat","background-position":"center center","background-size":"auto","background-attachment":"scroll","background-type":"","background-media":"","overlay-type":"","overlay-color":"","overlay-opacity":"","overlay-gradient":""},"tablet":{"background-color":"var(--ast-global-color-5)","background-image":"","background-repeat":"repeat","background-position":"center center","background-size":"auto","background-attachment":"scroll","background-type":"","background-media":"","overlay-type":"","overlay-color":"","overlay-opacity":"","overlay-gradient":""},"mobile":{"background-color":"var(--ast-global-color-5)","background-image":"","background-repeat":"repeat","background-position":"center center","background-size":"auto","background-attachment":"scroll","background-type":"","background-media":"","overlay-type":"","overlay-color":"","overlay-opacity":"","overlay-gradient":""}},"footnotes":""},"class_list":["post-329","page","type-page","status-publish","hentry"],"yoast_head":"<!-- This site is optimized with the Yoast SEO plugin v27.4 - https:\/\/yoast.com\/product\/yoast-seo-wordpress\/ -->\n<title>Aviso legal - Bodegas Perica<\/title>\n<meta name=\"robots\" content=\"index, follow, max-snippet:-1, max-image-preview:large, max-video-preview:-1\" \/>\n<link rel=\"canonical\" href=\"https:\/\/bodegasperica.com\/en\/aviso-legal\/\" \/>\n<meta property=\"og:locale\" content=\"en_GB\" \/>\n<meta property=\"og:type\" content=\"article\" \/>\n<meta property=\"og:title\" content=\"Aviso legal - Bodegas Perica\" \/>\n<meta property=\"og:description\" content=\"Aviso legal Para dar cumplimiento a lo establecido en la Ley 34\/2002, de 11 de julio, de Servicios de la Sociedad de la Informaci\u00f3n y de Comercio Electr\u00f3nico, a continuaci\u00f3n, indicamos los datos de la informaci\u00f3n general de nuestro Sitio Web bodegasperica.com: \u00bfQUI\u00c9N ES EL RESPONSABLE DEL TRATAMIENTO DE SUS DATOS? DENOMINACI\u00d3N SOCIAL: BODEGAS PERICA [&hellip;]\" \/>\n<meta property=\"og:url\" content=\"https:\/\/bodegasperica.com\/en\/aviso-legal\/\" \/>\n<meta property=\"og:site_name\" content=\"Bodegas Perica\" \/>\n<meta property=\"article:modified_time\" content=\"2022-12-28T12:54:39+00:00\" \/>\n<meta name=\"twitter:card\" content=\"summary_large_image\" \/>\n<meta name=\"twitter:label1\" content=\"Estimated reading time\" \/>\n\t<meta name=\"twitter:data1\" content=\"7 minutes\" \/>\n<script type=\"application\/ld+json\" class=\"yoast-schema-graph\">{\"@context\":\"https:\\\/\\\/schema.org\",\"@graph\":[{\"@type\":\"WebPage\",\"@id\":\"https:\\\/\\\/bodegasperica.com\\\/aviso-legal\\\/\",\"url\":\"https:\\\/\\\/bodegasperica.com\\\/aviso-legal\\\/\",\"name\":\"Aviso legal - Bodegas Perica\",\"isPartOf\":{\"@id\":\"https:\\\/\\\/bodegasperica.com\\\/#website\"},\"datePublished\":\"2020-02-25T12:16:23+00:00\",\"dateModified\":\"2022-12-28T12:54:39+00:00\",\"breadcrumb\":{\"@id\":\"https:\\\/\\\/bodegasperica.com\\\/aviso-legal\\\/#breadcrumb\"},\"inLanguage\":\"en-GB\",\"potentialAction\":[{\"@type\":\"ReadAction\",\"target\":[\"https:\\\/\\\/bodegasperica.com\\\/aviso-legal\\\/\"]}]},{\"@type\":\"BreadcrumbList\",\"@id\":\"https:\\\/\\\/bodegasperica.com\\\/aviso-legal\\\/#breadcrumb\",\"itemListElement\":[{\"@type\":\"ListItem\",\"position\":1,\"name\":\"Portada\",\"item\":\"https:\\\/\\\/bodegasperica.com\\\/\"},{\"@type\":\"ListItem\",\"position\":2,\"name\":\"Aviso legal\"}]},{\"@type\":\"WebSite\",\"@id\":\"https:\\\/\\\/bodegasperica.com\\\/#website\",\"url\":\"https:\\\/\\\/bodegasperica.com\\\/\",\"name\":\"Bodegas Perica\",\"description\":\"Bodega tradicional de Rioja\",\"publisher\":{\"@id\":\"https:\\\/\\\/bodegasperica.com\\\/#organization\"},\"potentialAction\":[{\"@type\":\"SearchAction\",\"target\":{\"@type\":\"EntryPoint\",\"urlTemplate\":\"https:\\\/\\\/bodegasperica.com\\\/?s={search_term_string}\"},\"query-input\":{\"@type\":\"PropertyValueSpecification\",\"valueRequired\":true,\"valueName\":\"search_term_string\"}}],\"inLanguage\":\"en-GB\"},{\"@type\":\"Organization\",\"@id\":\"https:\\\/\\\/bodegasperica.com\\\/#organization\",\"name\":\"Bodegas Perica\",\"url\":\"https:\\\/\\\/bodegasperica.com\\\/\",\"logo\":{\"@type\":\"ImageObject\",\"inLanguage\":\"en-GB\",\"@id\":\"https:\\\/\\\/bodegasperica.com\\\/#\\\/schema\\\/logo\\\/image\\\/\",\"url\":\"https:\\\/\\\/bodegasperica.com\\\/wp-content\\\/uploads\\\/2020\\\/02\\\/cropped-logoBodegasPerica-1.png\",\"contentUrl\":\"https:\\\/\\\/bodegasperica.com\\\/wp-content\\\/uploads\\\/2020\\\/02\\\/cropped-logoBodegasPerica-1.png\",\"width\":301,\"height\":112,\"caption\":\"Bodegas Perica\"},\"image\":{\"@id\":\"https:\\\/\\\/bodegasperica.com\\\/#\\\/schema\\\/logo\\\/image\\\/\"}}]}<\/script>\n<!-- \/ Yoast SEO plugin. -->","yoast_head_json":{"title":"Aviso legal - Bodegas Perica","robots":{"index":"index","follow":"follow","max-snippet":"max-snippet:-1","max-image-preview":"max-image-preview:large","max-video-preview":"max-video-preview:-1"},"canonical":"https:\/\/bodegasperica.com\/en\/aviso-legal\/","og_locale":"en_GB","og_type":"article","og_title":"Aviso legal - Bodegas Perica","og_description":"Aviso legal Para dar cumplimiento a lo establecido en la Ley 34\/2002, de 11 de julio, de Servicios de la Sociedad de la Informaci\u00f3n y de Comercio Electr\u00f3nico, a continuaci\u00f3n, indicamos los datos de la informaci\u00f3n general de nuestro Sitio Web bodegasperica.com: \u00bfQUI\u00c9N ES EL RESPONSABLE DEL TRATAMIENTO DE SUS DATOS? DENOMINACI\u00d3N SOCIAL: BODEGAS PERICA [&hellip;]","og_url":"https:\/\/bodegasperica.com\/en\/aviso-legal\/","og_site_name":"Bodegas Perica","article_modified_time":"2022-12-28T12:54:39+00:00","twitter_card":"summary_large_image","twitter_misc":{"Estimated reading time":"7 minutes"},"schema":{"@context":"https:\/\/schema.org","@graph":[{"@type":"WebPage","@id":"https:\/\/bodegasperica.com\/aviso-legal\/","url":"https:\/\/bodegasperica.com\/aviso-legal\/","name":"Aviso legal - Bodegas Perica","isPartOf":{"@id":"https:\/\/bodegasperica.com\/#website"},"datePublished":"2020-02-25T12:16:23+00:00","dateModified":"2022-12-28T12:54:39+00:00","breadcrumb":{"@id":"https:\/\/bodegasperica.com\/aviso-legal\/#breadcrumb"},"inLanguage":"en-GB","potentialAction":[{"@type":"ReadAction","target":["https:\/\/bodegasperica.com\/aviso-legal\/"]}]},{"@type":"BreadcrumbList","@id":"https:\/\/bodegasperica.com\/aviso-legal\/#breadcrumb","itemListElement":[{"@type":"ListItem","position":1,"name":"Portada","item":"https:\/\/bodegasperica.com\/"},{"@type":"ListItem","position":2,"name":"Aviso legal"}]},{"@type":"WebSite","@id":"https:\/\/bodegasperica.com\/#website","url":"https:\/\/bodegasperica.com\/","name":"Bodegas Perica","description":"Bodega tradicional de Rioja","publisher":{"@id":"https:\/\/bodegasperica.com\/#organization"},"potentialAction":[{"@type":"SearchAction","target":{"@type":"EntryPoint","urlTemplate":"https:\/\/bodegasperica.com\/?s={search_term_string}"},"query-input":{"@type":"PropertyValueSpecification","valueRequired":true,"valueName":"search_term_string"}}],"inLanguage":"en-GB"},{"@type":"Organization","@id":"https:\/\/bodegasperica.com\/#organization","name":"Bodegas Perica","url":"https:\/\/bodegasperica.com\/","logo":{"@type":"ImageObject","inLanguage":"en-GB","@id":"https:\/\/bodegasperica.com\/#\/schema\/logo\/image\/","url":"https:\/\/bodegasperica.com\/wp-content\/uploads\/2020\/02\/cropped-logoBodegasPerica-1.png","contentUrl":"https:\/\/bodegasperica.com\/wp-content\/uploads\/2020\/02\/cropped-logoBodegasPerica-1.png","width":301,"height":112,"caption":"Bodegas Perica"},"image":{"@id":"https:\/\/bodegasperica.com\/#\/schema\/logo\/image\/"}}]}},"_links":{"self":[{"href":"https:\/\/bodegasperica.com\/en\/wp-json\/wp\/v2\/pages\/329","targetHints":{"allow":["GET"]}}],"collection":[{"href":"https:\/\/bodegasperica.com\/en\/wp-json\/wp\/v2\/pages"}],"about":[{"href":"https:\/\/bodegasperica.com\/en\/wp-json\/wp\/v2\/types\/page"}],"author":[{"embeddable":true,"href":"https:\/\/bodegasperica.com\/en\/wp-json\/wp\/v2\/users\/2"}],"replies":[{"embeddable":true,"href":"https:\/\/bodegasperica.com\/en\/wp-json\/wp\/v2\/comments?post=329"}],"version-history":[{"count":25,"href":"https:\/\/bodegasperica.com\/en\/wp-json\/wp\/v2\/pages\/329\/revisions"}],"predecessor-version":[{"id":1988,"href":"https:\/\/bodegasperica.com\/en\/wp-json\/wp\/v2\/pages\/329\/revisions\/1988"}],"wp:attachment":[{"href":"https:\/\/bodegasperica.com\/en\/wp-json\/wp\/v2\/media?parent=329"}],"curies":[{"name":"wp","href":"https:\/\/api.w.org\/{rel}","templated":true}]}}